{"id":4239,"date":"2026-03-16T02:26:14","date_gmt":"2026-03-16T02:26:14","guid":{"rendered":"https:\/\/www.alimentosglaciar.com.mx\/?page_id=4239"},"modified":"2026-03-16T02:26:15","modified_gmt":"2026-03-16T02:26:15","slug":"carrito","status":"publish","type":"page","link":"https:\/\/www.alimentosglaciar.com.mx\/?page_id=4239","title":{"rendered":"CARRITO"},"content":{"rendered":"<div class=\"woocommerce\"><div class=\"woocommerce-notices-wrapper\"><\/div><div class=\"wc-empty-cart-message\">\n\t<div class=\"cart-empty woocommerce-info\" role=\"status\">\n\t\tTu carrito est\u00e1 vac\u00edo.\t<\/div>\n<\/div>\t\t<p class=\"cart-empty woodmart-empty-page\">\n\t\t\tTu carrito est\u00e1 vac\u00edo.\t\t<\/p>\n\t\t\t\t\t\t<div class=\"woodmart-empty-page-text\">Before proceed to checkout you must add some products to your shopping cart.<br> You will find a lot of interesting products on our \"Shop\" page.<\/div>\n\t\t\t\t<p class=\"return-to-shop\">\n\t\t<a class=\"button wc-backward\" href=\"https:\/\/www.alimentosglaciar.com.mx\/?page_id=3542\">\n\t\t\tVolver a la tienda\t\t<\/a>\n\t<\/p>\n<\/div>\n\n\n\n<p><\/p>\n","protected":false},"excerpt":{"rendered":"Tu carrito est\u00e1 vac\u00edo. Tu carrito est\u00e1 vac\u00edo. Before proceed to checkout you must add some products to your shopping","protected":false},"author":1,"featured_media":0,"parent":0,"menu_order":0,"comment_status":"closed","ping_status":"closed","template":"","meta":{"footnotes":""},"class_list":["post-4239","page","type-page","status-publish","hentry"],"_links":{"self":[{"href":"https:\/\/www.alimentosglaciar.com.mx\/index.php?rest_route=\/wp\/v2\/pages\/4239","targetHints":{"allow":["GET"]}}],"collection":[{"href":"https:\/\/www.alimentosglaciar.com.mx\/index.php?rest_route=\/wp\/v2\/pages"}],"about":[{"href":"https:\/\/www.alimentosglaciar.com.mx\/index.php?rest_route=\/wp\/v2\/types\/page"}],"author":[{"embeddable":true,"href":"https:\/\/www.alimentosglaciar.com.mx\/index.php?rest_route=\/wp\/v2\/users\/1"}],"replies":[{"embeddable":true,"href":"https:\/\/www.alimentosglaciar.com.mx\/index.php?rest_route=%2Fwp%2Fv2%2Fcomments&post=4239"}],"version-history":[{"count":1,"href":"https:\/\/www.alimentosglaciar.com.mx\/index.php?rest_route=\/wp\/v2\/pages\/4239\/revisions"}],"predecessor-version":[{"id":4240,"href":"https:\/\/www.alimentosglaciar.com.mx\/index.php?rest_route=\/wp\/v2\/pages\/4239\/revisions\/4240"}],"wp:attachment":[{"href":"https:\/\/www.alimentosglaciar.com.mx\/index.php?rest_route=%2Fwp%2Fv2%2Fmedia&parent=4239"}],"curies":[{"name":"wp","href":"https:\/\/api.w.org\/{rel}","templated":true}]}}